{"id":62,"date":"2019-12-04T13:50:45","date_gmt":"2019-12-04T13:50:45","guid":{"rendered":"http:\/\/pg9.ch\/?page_id=62"},"modified":"2026-04-01T06:42:49","modified_gmt":"2026-04-01T06:42:49","slug":"62-2","status":"publish","type":"page","link":"https:\/\/pg9.ch\/?page_id=62","title":{"rendered":"Kontakt"},"content":{"rendered":"\n<p>Sie k\u00f6nnen uns telefonisch zu folgenden Zeiten erreichen:<\/p>\n\n\n\n<figure class=\"wp-block-table\"><table><tbody><tr><td>Montag<\/td><td>8:30h &#8211; 11:30h<\/td><td>14:00h-16:30h<\/td><\/tr><tr><td>Dienstag<\/td><td>8:30h &#8211; 11:30h<\/td><td>14:00h-16:30h<\/td><\/tr><tr><td>Mittwoch<\/td><td>8:30h &#8211; 11:30h<\/td><td>14:00h-16:30h<\/td><\/tr><tr><td>Donnerstag<\/td><td>8:30h &#8211; 11:30h<\/td><td><\/td><\/tr><tr><td>Freitag<\/td><td>8:30h &#8211; 11:30h<\/td><td>14:00h-16:00h<\/td><\/tr><\/tbody><\/table><\/figure>\n\n\n\n<figure class=\"wp-block-table\"><table><tbody><tr><td>Telefon:<\/td><td>061 312 36 42<br>Notfall-Nummer 061 312 36 41<\/td><\/tr><tr><td>E-Mail:<\/td><td>empfang.pg9(\u00e4t)hin.ch<br><br>Bitte beachten Sie, dass wir per E-Mail keine dringenden und keine medizinischen Fragen beantworten k\u00f6nnen. <br><br>Bitte verwenden Sie daf\u00fcr das Telefon, Danke.<\/td><\/tr><tr><td>Adresse:<\/td><td>Grellingerstrasse 9, 4052 Basel<\/td><\/tr><\/tbody><\/table><\/figure>\n\n\n\n<p><iframe loading=\"lazy\" src=\"https:\/\/www.google.com\/maps\/embed?pb=!1m18!1m12!1m3!1d2692.8388291245556!2d7.605392815628612!3d47.55146547918104!2m3!1f0!2f0!3f0!3m2!1i1024!2i768!4f13.1!3m3!1m2!1s0x4791b9cb5132facb%3A0xb72102cb6a50b3cb!2sGrellingerstrasse%209%2C%204052%20Basel!5e0!3m2!1sde!2sch!4v1580464850110!5m2!1sde!2sch\" style=\"border:0;\" allowfullscreen=\"\" width=\"600\" height=\"450\" frameborder=\"0\"><\/iframe><\/p>\n","protected":false},"excerpt":{"rendered":"<p>Sie k\u00f6nnen uns telefonisch zu folgenden Zeiten erreichen: Montag 8:30h &#8211; 11:30h 14:00h-16:30h Dienstag 8:30h &#8211; 11:30h 14:00h-16:30h Mittwoch 8:30h &#8211; 11:30h 14:00h-16:30h Donnerstag 8:30h &#8211; 11:30h Freitag 8:30h &#8211; 11:30h 14:00h-16:00h Telefon: 061 312 36 42Notfall-Nummer 061 312 36 41 E-Mail: empfang.pg9(\u00e4t)hin.ch Bitte beachten Sie, dass wir per E-Mail keine dringenden und keine medizinischen &hellip; <\/p>\n<p class=\"link-more\"><a href=\"https:\/\/pg9.ch\/?page_id=62\" class=\"more-link\"><span class=\"screen-reader-text\">\u201eKontakt\u201c <\/span>weiterlesen<\/a><\/p>\n","protected":false},"author":1,"featured_media":0,"parent":0,"menu_order":0,"comment_status":"closed","ping_status":"closed","template":"","meta":{"footnotes":""},"class_list":["post-62","page","type-page","status-publish","hentry"],"_links":{"self":[{"href":"https:\/\/pg9.ch\/index.php?rest_route=\/wp\/v2\/pages\/62","targetHints":{"allow":["GET"]}}],"collection":[{"href":"https:\/\/pg9.ch\/index.php?rest_route=\/wp\/v2\/pages"}],"about":[{"href":"https:\/\/pg9.ch\/index.php?rest_route=\/wp\/v2\/types\/page"}],"author":[{"embeddable":true,"href":"https:\/\/pg9.ch\/index.php?rest_route=\/wp\/v2\/users\/1"}],"replies":[{"embeddable":true,"href":"https:\/\/pg9.ch\/index.php?rest_route=%2Fwp%2Fv2%2Fcomments&post=62"}],"version-history":[{"count":24,"href":"https:\/\/pg9.ch\/index.php?rest_route=\/wp\/v2\/pages\/62\/revisions"}],"predecessor-version":[{"id":157,"href":"https:\/\/pg9.ch\/index.php?rest_route=\/wp\/v2\/pages\/62\/revisions\/157"}],"wp:attachment":[{"href":"https:\/\/pg9.ch\/index.php?rest_route=%2Fwp%2Fv2%2Fmedia&parent=62"}],"curies":[{"name":"wp","href":"https:\/\/api.w.org\/{rel}","templated":true}]}}